{"id":71049,"date":"2026-04-06T08:56:14","date_gmt":"2026-04-06T11:56:14","guid":{"rendered":"https:\/\/gtdingenieria.cl\/?page_id=71049"},"modified":"2026-04-06T09:30:06","modified_gmt":"2026-04-06T12:30:06","slug":"que-nos-diferencia","status":"publish","type":"page","link":"https:\/\/gtdingenieria.cl\/?page_id=71049","title":{"rendered":"Qu\u00e9 nos diferencia"},"content":{"rendered":"<p>[vc_row type=&#8221;container&#8221; padding_top=&#8221;&#8221; padding_bottom=&#8221;&#8221; css=&#8221;.vc_custom_1504561494450{padding-top: 30px !important;}&#8221;][vc_column width=&#8221;1\/6&#8243;][\/vc_column][vc_column width=&#8221;2\/3&#8243;][vc_custom_heading text=&#8221;GTD Ingenieros Consultores&#8221; font_container=&#8221;tag:p|font_size:18|text_align:center|color:%2324a3d8&#8243; google_fonts=&#8221;font_family:Source%20Sans%20Pro%3A200%2C200italic%2C300%2C300italic%2Cregular%2Citalic%2C600%2C600italic%2C700%2C700italic%2C900%2C900italic|font_style:200%20light%20regular%3A200%3Anormal&#8221; css_animation=&#8221;fadeInUp&#8221; css=&#8221;.vc_custom_1536780589256{margin-top: 40px !important;margin-bottom: 10px !important;}&#8221;][vc_custom_heading text=&#8221;Experiencia &amp; conocimiento&#8221; font_container=&#8221;tag:h2|font_size:38|text_align:center|color:%23232323|line_height:54px&#8221; google_fonts=&#8221;font_family:Source%20Sans%20Pro%3A200%2C200italic%2C300%2C300italic%2Cregular%2Citalic%2C600%2C600italic%2C700%2C700italic%2C900%2C900italic|font_style:200%20light%20regular%3A200%3Anormal&#8221; css_animation=&#8221;fadeInUp&#8221; css=&#8221;.vc_custom_1523466596029{margin-bottom: 20px !important;}&#8221;][\/vc_column]<\/p>\n<p>[vc_column width=&#8221;1\/6&#8243;][\/vc_column][\/vc_row][vc_row type=&#8221;container&#8221; padding_top=&#8221;&#8221; padding_bottom=&#8221;&#8221; css=&#8221;.vc_custom_1510314971222{padding-bottom: 85px !important;}&#8221;][vc_column width=&#8221;1\/3&#8243; css=&#8221;.vc_custom_1504720117443{margin-bottom: 15px !important;}&#8221;]\r\n<div class=\"ih-item  square effect6 top_to_bottom\">\r\n    <a class=\"taphover\" href=\"javascript:void(0)\" target=\"\">\r\n        \r\n        <div class=\"img\"><img decoding=\"async\" class=\"responsiveimage\" src=\"https:\/\/gtdingenieria.cl\/wp-content\/uploads\/2026\/04\/STAFFOTO.jpg\" alt=\"img\"><\/div>\r\n\r\n        \r\n                    <div class=\"info\">\r\n                <div class=\"info-back\">\r\n                    <h3>Staff<\/h3>\r\n                    Contamos con un staff de m\u00e1s de 40 personas, siendo 30 de ingenieros de planta y especialistas en sus \u00e1reas.                 <\/div>\r\n            <\/div>\r\n            <\/a>\r\n<\/div>\n<p>[vc_empty_space height=&#8221;30&#8243;]\r\n<div class=\"ih-item  square effect6 top_to_bottom\">\r\n    <a class=\"taphover\" href=\"javascript:void(0)\" target=\"\">\r\n        \r\n        <div class=\"img\"><img decoding=\"async\" class=\"responsiveimage\" src=\"https:\/\/gtdingenieria.cl\/wp-content\/uploads\/2026\/04\/REDCNTC.jpg\" alt=\"img\"><\/div>\r\n\r\n        \r\n                    <div class=\"info\">\r\n                <div class=\"info-back\">\r\n                    <h3>Red de contactos<\/h3>\r\n                    Mantenemos contacto con la mayor\u00eda de los actores del mercado energ\u00e9tico, sanitario y ambiental, para apoyarlos en la definici\u00f3n de estrategias.                 <\/div>\r\n            <\/div>\r\n            <\/a>\r\n<\/div>\n<p>[\/vc_column][vc_column width=&#8221;1\/3&#8243; css=&#8221;.vc_custom_1504720122409{margin-bottom: 15px !important;}&#8221;]\r\n<div class=\"ih-item  square effect6 top_to_bottom\">\r\n    <a class=\"taphover\" href=\"javascript:void(0)\" target=\"\">\r\n        \r\n        <div class=\"img\"><img decoding=\"async\" class=\"responsiveimage\" src=\"https:\/\/gtdingenieria.cl\/wp-content\/uploads\/2026\/04\/SISTFOTO.jpg\" alt=\"img\"><\/div>\r\n\r\n        \r\n                    <div class=\"info\">\r\n                <div class=\"info-back\">\r\n                    <h3>Sistemas Inform\u00e1ticos<\/h3>\r\n                    Disponemos de varios sistemas inform\u00e1ticos, como: PLP, Digsilent, PLC-CADD, entre muchos otros. Los cuales garantizan una correcta cobertura.                <\/div>\r\n            <\/div>\r\n            <\/a>\r\n<\/div>\n<p>[vc_empty_space height=&#8221;30&#8243;]\r\n<div class=\"ih-item  square effect6 top_to_bottom\">\r\n    <a class=\"taphover\" href=\"javascript:void(0)\" target=\"\">\r\n        \r\n        <div class=\"img\"><img decoding=\"async\" class=\"responsiveimage\" src=\"https:\/\/gtdingenieria.cl\/wp-content\/uploads\/2026\/04\/EXPFOTO.jpg\" alt=\"img\"><\/div>\r\n\r\n        \r\n                    <div class=\"info\">\r\n                <div class=\"info-back\">\r\n                    <h3>Experiencia<\/h3>\r\n                    Dentro de nuestro portafolio contamos con entes nacionales y extranjeros, entre ellos, Organismos Reguladores; SEC, CNE, Coordinador y otros.                <\/div>\r\n            <\/div>\r\n            <\/a>\r\n<\/div>\r\n[\/vc_column]<\/p>\n<p>[vc_column width=&#8221;1\/3&#8243; css=&#8221;.vc_custom_1504720127173{margin-bottom: 15px !important;}&#8221;]\r\n<div class=\"ih-item  square effect6 top_to_bottom\">\r\n    <a class=\"taphover\" href=\"javascript:void(0)\" target=\"\">\r\n        \r\n        <div class=\"img\"><img decoding=\"async\" class=\"responsiveimage\" src=\"https:\/\/gtdingenieria.cl\/wp-content\/uploads\/2026\/04\/NRG.jpg\" alt=\"img\"><\/div>\r\n\r\n        \r\n                    <div class=\"info\">\r\n                <div class=\"info-back\">\r\n                    <h3>Energ\u00edas Renovables<\/h3>\r\n                    El alcance de nuestro servicio considera todas las energ\u00edas renovables.                <\/div>\r\n            <\/div>\r\n            <\/a>\r\n<\/div>\n<p>[\/vc_column][\/vc_row][vc_row type=&#8221;container&#8221; padding_top=&#8221;&#8221; padding_bottom=&#8221;&#8221;][vc_column][vc_raw_js]JTNDc2NyaXB0JTIwdHlwZSUzRCUyMnRleHQlMkZqYXZhc2NyaXB0JTIyJTNFJTIwalF1ZXJ5JTI4JTI3LnRhcGhvdmVyJTI3JTI5LnJlbW92ZUF0dHIlMjglMjdocmVmJTI3JTI5JTNCJTIwJTNDJTJGc2NyaXB0JTNF[\/vc_raw_js][\/vc_column][\/vc_row]<\/p><\/p>\n","protected":false},"excerpt":{"rendered":"<p>[vc_row type=&#8221;container&#8221; padding_top=&#8221;&#8221; padding_bottom=&#8221;&#8221; css=&#8221;.vc_custom_1504561494450{padding-top: 30px !important;}&#8221;][vc_column width=&#8221;1\/6&#8243;][\/vc_column][vc_column width=&#8221;2\/3&#8243;][vc_custom_heading text=&#8221;GTD Ingenieros Consultores&#8221; font_container=&#8221;tag:p|font_size:18|text_align:center|color:%2324a3d8&#8243; google_fonts=&#8221;font_family:Source%20Sans%20Pro%3A200%2C200italic%2C300%2C300italic%2Cregular%2Citalic%2C600%2C600italic%2C700%2C700italic%2C900%2C900italic|font_style:200%20light%20regular%3A200%3Anormal&#8221; css_animation=&#8221;fadeInUp&#8221; css=&#8221;.vc_custom_1536780589256{margin-top: 40px !important;margin-bottom: 10px !important;}&#8221;][vc_custom_heading text=&#8221;Experiencia &amp; conocimiento&#8221; font_container=&#8221;tag:h2|font_size:38|text_align:center|color:%23232323|line_height:54px&#8221; google_fonts=&#8221;font_family:Source%20Sans%20Pro%3A200%2C200italic%2C300%2C300italic%2Cregular%2Citalic%2C600%2C600italic%2C700%2C700italic%2C900%2C900italic|font_style:200%20light%20regular%3A200%3Anormal&#8221; css_animation=&#8221;fadeInUp&#8221; css=&#8221;.vc_custom_1523466596029{margin-bottom: 20px !important;}&#8221;][\/vc_column] [vc_column width=&#8221;1\/6&#8243;][\/vc_column][\/vc_row][vc_row type=&#8221;container&#8221; padding_top=&#8221;&#8221; padding_bottom=&#8221;&#8221; css=&#8221;.vc_custom_1510314971222{padding-bottom: 85px !important;}&#8221;][vc_column width=&#8221;1\/3&#8243; css=&#8221;.vc_custom_1504720117443{margin-bottom: 15px !important;}&#8221;] [vc_empty_space height=&#8221;30&#8243;] [\/vc_column][vc_column width=&#8221;1\/3&#8243; css=&#8221;.vc_custom_1504720122409{margin-bottom: 15px !important;}&#8221;] [vc_empty_space height=&#8221;30&#8243;][\/vc_column] [vc_column width=&#8221;1\/3&#8243; css=&#8221;.vc_custom_1504720127173{margin-bottom: 15px !important;}&#8221;] [&hellip;]<\/p>\n","protected":false},"author":1,"featured_media":0,"parent":0,"menu_order":0,"comment_status":"closed","ping_status":"closed","template":"page-full-width.php","meta":{"_acf_changed":false,"footnotes":""},"class_list":["post-71049","page","type-page","status-publish","hentry"],"acf":[],"yoast_head":"<!-- This site is optimized with the Yoast SEO plugin v27.3 - https:\/\/yoast.com\/product\/yoast-seo-wordpress\/ -->\n<title>Qu\u00e9 nos diferencia - GTD Ingenieria<\/title>\n<meta name=\"robots\" content=\"index, follow, max-snippet:-1, max-image-preview:large, max-video-preview:-1\" \/>\n<link rel=\"canonical\" href=\"https:\/\/gtdingenieria.cl\/?page_id=71049\" \/>\n<meta property=\"og:locale\" content=\"es_ES\" \/>\n<meta property=\"og:type\" content=\"article\" \/>\n<meta property=\"og:title\" content=\"Qu\u00e9 nos diferencia - GTD Ingenieria\" \/>\n<meta property=\"og:description\" content=\"[vc_row type=&#8221;container&#8221; padding_top=&#8221;&#8221; padding_bottom=&#8221;&#8221; css=&#8221;.vc_custom_1504561494450{padding-top: 30px !important;}&#8221;][vc_column width=&#8221;1\/6&#8243;][\/vc_column][vc_column width=&#8221;2\/3&#8243;][vc_custom_heading text=&#8221;GTD Ingenieros Consultores&#8221; font_container=&#8221;tag:p|font_size:18|text_align:center|color:%2324a3d8&#8243; google_fonts=&#8221;font_family:Source%20Sans%20Pro%3A200%2C200italic%2C300%2C300italic%2Cregular%2Citalic%2C600%2C600italic%2C700%2C700italic%2C900%2C900italic|font_style:200%20light%20regular%3A200%3Anormal&#8221; css_animation=&#8221;fadeInUp&#8221; css=&#8221;.vc_custom_1536780589256{margin-top: 40px !important;margin-bottom: 10px !important;}&#8221;][vc_custom_heading text=&#8221;Experiencia &amp; conocimiento&#8221; font_container=&#8221;tag:h2|font_size:38|text_align:center|color:%23232323|line_height:54px&#8221; google_fonts=&#8221;font_family:Source%20Sans%20Pro%3A200%2C200italic%2C300%2C300italic%2Cregular%2Citalic%2C600%2C600italic%2C700%2C700italic%2C900%2C900italic|font_style:200%20light%20regular%3A200%3Anormal&#8221; css_animation=&#8221;fadeInUp&#8221; css=&#8221;.vc_custom_1523466596029{margin-bottom: 20px !important;}&#8221;][\/vc_column] [vc_column width=&#8221;1\/6&#8243;][\/vc_column][\/vc_row][vc_row type=&#8221;container&#8221; padding_top=&#8221;&#8221; padding_bottom=&#8221;&#8221; css=&#8221;.vc_custom_1510314971222{padding-bottom: 85px !important;}&#8221;][vc_column width=&#8221;1\/3&#8243; css=&#8221;.vc_custom_1504720117443{margin-bottom: 15px !important;}&#8221;] [vc_empty_space height=&#8221;30&#8243;] [\/vc_column][vc_column width=&#8221;1\/3&#8243; css=&#8221;.vc_custom_1504720122409{margin-bottom: 15px !important;}&#8221;] [vc_empty_space height=&#8221;30&#8243;][\/vc_column] [vc_column width=&#8221;1\/3&#8243; css=&#8221;.vc_custom_1504720127173{margin-bottom: 15px !important;}&#8221;] [&hellip;]\" \/>\n<meta property=\"og:url\" content=\"https:\/\/gtdingenieria.cl\/?page_id=71049\" \/>\n<meta property=\"og:site_name\" content=\"GTD Ingenieria\" \/>\n<meta property=\"article:modified_time\" content=\"2026-04-06T12:30:06+00:00\" \/>\n<meta name=\"twitter:card\" content=\"summary_large_image\" \/>\n<meta name=\"twitter:label1\" content=\"Tiempo estimado de lectura\" \/>\n\t<meta name=\"twitter:data1\" content=\"1 minuto\" \/>\n<script type=\"application\/ld+json\" class=\"yoast-schema-graph\">{\"@context\":\"https:\\\/\\\/schema.org\",\"@graph\":[{\"@type\":\"WebPage\",\"@id\":\"https:\\\/\\\/gtdingenieria.cl\\\/?page_id=71049\",\"url\":\"https:\\\/\\\/gtdingenieria.cl\\\/?page_id=71049\",\"name\":\"Qu\u00e9 nos diferencia - GTD Ingenieria\",\"isPartOf\":{\"@id\":\"https:\\\/\\\/gtdingenieria.cl\\\/#website\"},\"datePublished\":\"2026-04-06T11:56:14+00:00\",\"dateModified\":\"2026-04-06T12:30:06+00:00\",\"breadcrumb\":{\"@id\":\"https:\\\/\\\/gtdingenieria.cl\\\/?page_id=71049#breadcrumb\"},\"inLanguage\":\"es-CL\",\"potentialAction\":[{\"@type\":\"ReadAction\",\"target\":[\"https:\\\/\\\/gtdingenieria.cl\\\/?page_id=71049\"]}]},{\"@type\":\"BreadcrumbList\",\"@id\":\"https:\\\/\\\/gtdingenieria.cl\\\/?page_id=71049#breadcrumb\",\"itemListElement\":[{\"@type\":\"ListItem\",\"position\":1,\"name\":\"Portada\",\"item\":\"https:\\\/\\\/gtdingenieria.cl\\\/\"},{\"@type\":\"ListItem\",\"position\":2,\"name\":\"Qu\u00e9 nos diferencia\"}]},{\"@type\":\"WebSite\",\"@id\":\"https:\\\/\\\/gtdingenieria.cl\\\/#website\",\"url\":\"https:\\\/\\\/gtdingenieria.cl\\\/\",\"name\":\"GTD Ingenieria\",\"description\":\"Just another WordPress site\",\"potentialAction\":[{\"@type\":\"SearchAction\",\"target\":{\"@type\":\"EntryPoint\",\"urlTemplate\":\"https:\\\/\\\/gtdingenieria.cl\\\/?s={search_term_string}\"},\"query-input\":{\"@type\":\"PropertyValueSpecification\",\"valueRequired\":true,\"valueName\":\"search_term_string\"}}],\"inLanguage\":\"es-CL\"}]}<\/script>\n<!-- \/ Yoast SEO plugin. -->","yoast_head_json":{"title":"Qu\u00e9 nos diferencia - GTD Ingenieria","robots":{"index":"index","follow":"follow","max-snippet":"max-snippet:-1","max-image-preview":"max-image-preview:large","max-video-preview":"max-video-preview:-1"},"canonical":"https:\/\/gtdingenieria.cl\/?page_id=71049","og_locale":"es_ES","og_type":"article","og_title":"Qu\u00e9 nos diferencia - GTD Ingenieria","og_description":"[vc_row type=&#8221;container&#8221; padding_top=&#8221;&#8221; padding_bottom=&#8221;&#8221; css=&#8221;.vc_custom_1504561494450{padding-top: 30px !important;}&#8221;][vc_column width=&#8221;1\/6&#8243;][\/vc_column][vc_column width=&#8221;2\/3&#8243;][vc_custom_heading text=&#8221;GTD Ingenieros Consultores&#8221; font_container=&#8221;tag:p|font_size:18|text_align:center|color:%2324a3d8&#8243; google_fonts=&#8221;font_family:Source%20Sans%20Pro%3A200%2C200italic%2C300%2C300italic%2Cregular%2Citalic%2C600%2C600italic%2C700%2C700italic%2C900%2C900italic|font_style:200%20light%20regular%3A200%3Anormal&#8221; css_animation=&#8221;fadeInUp&#8221; css=&#8221;.vc_custom_1536780589256{margin-top: 40px !important;margin-bottom: 10px !important;}&#8221;][vc_custom_heading text=&#8221;Experiencia &amp; conocimiento&#8221; font_container=&#8221;tag:h2|font_size:38|text_align:center|color:%23232323|line_height:54px&#8221; google_fonts=&#8221;font_family:Source%20Sans%20Pro%3A200%2C200italic%2C300%2C300italic%2Cregular%2Citalic%2C600%2C600italic%2C700%2C700italic%2C900%2C900italic|font_style:200%20light%20regular%3A200%3Anormal&#8221; css_animation=&#8221;fadeInUp&#8221; css=&#8221;.vc_custom_1523466596029{margin-bottom: 20px !important;}&#8221;][\/vc_column] [vc_column width=&#8221;1\/6&#8243;][\/vc_column][\/vc_row][vc_row type=&#8221;container&#8221; padding_top=&#8221;&#8221; padding_bottom=&#8221;&#8221; css=&#8221;.vc_custom_1510314971222{padding-bottom: 85px !important;}&#8221;][vc_column width=&#8221;1\/3&#8243; css=&#8221;.vc_custom_1504720117443{margin-bottom: 15px !important;}&#8221;] [vc_empty_space height=&#8221;30&#8243;] [\/vc_column][vc_column width=&#8221;1\/3&#8243; css=&#8221;.vc_custom_1504720122409{margin-bottom: 15px !important;}&#8221;] [vc_empty_space height=&#8221;30&#8243;][\/vc_column] [vc_column width=&#8221;1\/3&#8243; css=&#8221;.vc_custom_1504720127173{margin-bottom: 15px !important;}&#8221;] [&hellip;]","og_url":"https:\/\/gtdingenieria.cl\/?page_id=71049","og_site_name":"GTD Ingenieria","article_modified_time":"2026-04-06T12:30:06+00:00","twitter_card":"summary_large_image","twitter_misc":{"Tiempo estimado de lectura":"1 minuto"},"schema":{"@context":"https:\/\/schema.org","@graph":[{"@type":"WebPage","@id":"https:\/\/gtdingenieria.cl\/?page_id=71049","url":"https:\/\/gtdingenieria.cl\/?page_id=71049","name":"Qu\u00e9 nos diferencia - GTD Ingenieria","isPartOf":{"@id":"https:\/\/gtdingenieria.cl\/#website"},"datePublished":"2026-04-06T11:56:14+00:00","dateModified":"2026-04-06T12:30:06+00:00","breadcrumb":{"@id":"https:\/\/gtdingenieria.cl\/?page_id=71049#breadcrumb"},"inLanguage":"es-CL","potentialAction":[{"@type":"ReadAction","target":["https:\/\/gtdingenieria.cl\/?page_id=71049"]}]},{"@type":"BreadcrumbList","@id":"https:\/\/gtdingenieria.cl\/?page_id=71049#breadcrumb","itemListElement":[{"@type":"ListItem","position":1,"name":"Portada","item":"https:\/\/gtdingenieria.cl\/"},{"@type":"ListItem","position":2,"name":"Qu\u00e9 nos diferencia"}]},{"@type":"WebSite","@id":"https:\/\/gtdingenieria.cl\/#website","url":"https:\/\/gtdingenieria.cl\/","name":"GTD Ingenieria","description":"Just another WordPress site","potentialAction":[{"@type":"SearchAction","target":{"@type":"EntryPoint","urlTemplate":"https:\/\/gtdingenieria.cl\/?s={search_term_string}"},"query-input":{"@type":"PropertyValueSpecification","valueRequired":true,"valueName":"search_term_string"}}],"inLanguage":"es-CL"}]}},"_links":{"self":[{"href":"https:\/\/gtdingenieria.cl\/index.php?rest_route=\/wp\/v2\/pages\/71049","targetHints":{"allow":["GET"]}}],"collection":[{"href":"https:\/\/gtdingenieria.cl\/index.php?rest_route=\/wp\/v2\/pages"}],"about":[{"href":"https:\/\/gtdingenieria.cl\/index.php?rest_route=\/wp\/v2\/types\/page"}],"author":[{"embeddable":true,"href":"https:\/\/gtdingenieria.cl\/index.php?rest_route=\/wp\/v2\/users\/1"}],"replies":[{"embeddable":true,"href":"https:\/\/gtdingenieria.cl\/index.php?rest_route=%2Fwp%2Fv2%2Fcomments&post=71049"}],"version-history":[{"count":3,"href":"https:\/\/gtdingenieria.cl\/index.php?rest_route=\/wp\/v2\/pages\/71049\/revisions"}],"predecessor-version":[{"id":71078,"href":"https:\/\/gtdingenieria.cl\/index.php?rest_route=\/wp\/v2\/pages\/71049\/revisions\/71078"}],"wp:attachment":[{"href":"https:\/\/gtdingenieria.cl\/index.php?rest_route=%2Fwp%2Fv2%2Fmedia&parent=71049"}],"curies":[{"name":"wp","href":"https:\/\/api.w.org\/{rel}","templated":true}]}}